{"id":203,"date":"2019-12-12T00:31:13","date_gmt":"2019-12-12T00:31:13","guid":{"rendered":"https:\/\/cabanaalegre.com\/?page_id=203"},"modified":"2022-05-09T21:18:40","modified_gmt":"2022-05-09T21:18:40","slug":"red-cabana-alegre","status":"publish","type":"page","link":"https:\/\/cabanaalegre.com\/?page_id=203","title":{"rendered":"Red Caba\u00f1a Alegre"},"content":{"rendered":"<h2>Empresas hermanas <\/h2>\t\t\n\t\t<p>Empresas 100% mexicanas especializadas en clubes y comunidades campestres con sentido humano. Contando con diferentes proyecto sen Michoac\u00e1n y Baja California Sur, M\u00e9xico. La sustentabilidad y la congruencia son nuestra gu\u00eda, la armon\u00eda con el entorno nuestra esencia.<\/p><p><\/p>\n<p class=\"is-layout-flex wp-container-core-columns-is-layout-1 wp-block-columns-is-layout-flex\"><\/p>\n<p class=\"is-layout-flow wp-block-column-is-layout-flow\"><\/p>\n<figure><img decoding=\"async\" src=\"https:\/\/cabanaalegre.com\/wp-content\/uploads\/2020\/01\/LogoQuercus-02-1-1024x801.png\" alt=\"\" \/><\/figure>\n<p><\/p>\n<p>\u00a0\u00a0\u00a0\u00a0\u00a0\u00a0\u00a0\u00a0\u00a0\u00a0\u00a0\u00a0\u00a0\u00a0\u00a0\u00a0\u00a0\u00a0\u00a0\u00a0\u00a0\u00a0\u00a0\u00a0\u00a0\u00a0\u00a0\u00a0\u00a0\u00a0\u00a0\u00a0\u00a0\u00a0\u00a0\u00a0\u00a0\u00a0\u00a0\u00a0\u00a0\u00a0\u00a0\u00a0\u00a0\u00a0\u00a0\u00a0\u00a0\u00a0\u00a0\u00a0\u00a0\u00a0\u00a0\u00a0\u00a0\u00a0\u00a0\u00a0\u00a0\u00a0\u00a0\u00a0\u00a0\u00a0\u00a0\u00a0\u00a0\u00a0\u00a0\u00a0\u00a0\u00a0\u00a0\u00a0\u00a0\u00a0\u00a0\u00a0\u00a0\u00a0\u00a0\u00a0\u00a0\u00a0\u00a0\u00a0\u00a0\u00a0\u00a0\u00a0\u00a0\u00a0\u00a0\u00a0\u00a0\u00a0\u00a0\u00a0\u00a0\u00a0\u00a0\u00a0\u00a0\u00a0\u00a0\u00a0\u00a0\u00a0\u00a0\u00a0\u00a0\u00a0\u00a0\u00a0\u00a0\u00a0\u00a0\u00a0\u00a0\u00a0\u00a0\u00a0\u00a0\u00a0\u00a0\u00a0\u00a0\u00a0\u00a0\u00a0\u00a0\u00a0\u00a0\u00a0\u00a0\u00a0\u00a0\u00a0\u00a0\u00a0\u00a0\u00a0\u00a0\u00a0\u00a0\u00a0\u00a0\u00a0\u00a0\u00a0\u00a0\u00a0\u00a0\u00a0\u00a0\u00a0\u00a0\u00a0\u00a0\u00a0\u00a0\u00a0\u00a0\u00a0\u00a0\u00a0\u00a0\u00a0\u00a0\u00a0\u00a0\u00a0\u00a0\u00a0\u00a0\u00a0\u00a0\u00a0\u00a0\u00a0\u00a0<strong> Quercus Elemental<\/strong><br \/>Desarrollo Eco- Sustentable El Sargento Baja California Sur <br \/><\/p>\n<p>M\u00e1s Informaci\u00f3n\u00a0\u00a0(443) 3 34 45 45<\/p>\n<p><\/p>\n<a href=\"https:\/\/www.facebook.com\/QuercusBaja\/\" target=\"_blank\" rel=\"noreferrer noopener\">Link<\/a>\n<p><\/p>\n<p><\/p>\n<p><\/p>\n<p><\/p>\n<p class=\"is-layout-flow wp-block-column-is-layout-flow\"><\/p>\n<figure><img decoding=\"async\" src=\"https:\/\/cabanaalegre.com\/wp-content\/uploads\/2020\/01\/logo-q-m-1.png\" alt=\"\" \/><\/figure>\n<p><\/p>\n<p><strong>\u00a0<\/strong><\/p>\n<p><strong>\u00a0\u00a0\u00a0\u00a0\u00a0\u00a0\u00a0\u00a0\u00a0\u00a0\u00a0\u00a0\u00a0\u00a0\u00a0\u00a0\u00a0\u00a0\u00a0\u00a0\u00a0\u00a0\u00a0\u00a0\u00a0\u00a0\u00a0\u00a0\u00a0\u00a0\u00a0\u00a0\u00a0\u00a0\u00a0\u00a0\u00a0\u00a0\u00a0\u00a0\u00a0\u00a0\u00a0\u00a0\u00a0\u00a0\u00a0\u00a0\u00a0\u00a0\u00a0\u00a0\u00a0 Quercus Michoac\u00e1n \u00a0<\/strong> \u00a0 \u00a0 \u00a0 \u00a0 \u00a0 \u00a0 \u00a0 \u00a0 \u00a0 \u00a0 \u00a0\u00a0 T\u00fa Casa de Descanso esta Aqu\u00ed en Michoac\u00e1n\u00a0 <br \/><\/p>\n<p>M\u00e1s Informaci\u00f3n\u00a0\u00a0(443) 3 34 45 45\u00a0<\/p>\n<p><\/p>\n<a href=\"https:\/\/www.facebook.com\/Quercus.Mil\/\" target=\"_blank\" rel=\"noreferrer noopener\">Link<\/a>\n<p><\/p>\n<p><\/p>\n<p><\/p>\n<p><\/p>\n<p><\/p>","protected":false},"excerpt":{"rendered":"<p>Empresas hermanas Empresas 100% mexicanas especializadas en clubes y comunidades campestres con sentido humano. Contando con diferentes proyecto sen Michoac\u00e1n y Baja California Sur, M\u00e9xico. La sustentabilidad y la congruencia son nuestra gu\u00eda, la armon\u00eda con el entorno nuestra esencia. \u00a0\u00a0\u00a0\u00a0\u00a0\u00a0\u00a0\u00a0\u00a0\u00a0\u00a0\u00a0\u00a0\u00a0\u00a0\u00a0\u00a0\u00a0\u00a0\u00a0\u00a0\u00a0\u00a0\u00a0\u00a0\u00a0\u00a0\u00a0\u00a0\u00a0\u00a0\u00a0\u00a0\u00a0\u00a0\u00a0\u00a0\u00a0\u00a0\u00a0\u00a0\u00a0\u00a0\u00a0\u00a0\u00a0\u00a0\u00a0\u00a0\u00a0\u00a0\u00a0\u00a0\u00a0\u00a0\u00a0\u00a0\u00a0\u00a0\u00a0\u00a0\u00a0\u00a0\u00a0\u00a0\u00a0\u00a0\u00a0\u00a0\u00a0\u00a0\u00a0\u00a0\u00a0\u00a0\u00a0\u00a0\u00a0\u00a0\u00a0\u00a0\u00a0\u00a0\u00a0\u00a0\u00a0\u00a0\u00a0\u00a0\u00a0\u00a0\u00a0\u00a0\u00a0\u00a0\u00a0\u00a0\u00a0\u00a0\u00a0\u00a0\u00a0\u00a0\u00a0\u00a0\u00a0\u00a0\u00a0\u00a0\u00a0\u00a0\u00a0\u00a0\u00a0\u00a0\u00a0\u00a0\u00a0\u00a0\u00a0\u00a0\u00a0\u00a0\u00a0\u00a0\u00a0\u00a0\u00a0\u00a0\u00a0\u00a0\u00a0\u00a0\u00a0\u00a0\u00a0\u00a0\u00a0\u00a0\u00a0\u00a0\u00a0\u00a0\u00a0\u00a0\u00a0\u00a0\u00a0\u00a0\u00a0\u00a0\u00a0\u00a0\u00a0\u00a0\u00a0\u00a0\u00a0\u00a0\u00a0\u00a0\u00a0\u00a0\u00a0\u00a0\u00a0\u00a0\u00a0\u00a0\u00a0\u00a0\u00a0\u00a0\u00a0\u00a0\u00a0\u00a0\u00a0\u00a0\u00a0\u00a0\u00a0\u00a0 Quercus ElementalDesarrollo Eco- Sustentable El Sargento Baja California Sur M\u00e1s Informaci\u00f3n\u00a0\u00a0(443) 3 34 45 [&hellip;]<\/p>\n","protected":false},"author":2,"featured_media":55,"parent":0,"menu_order":0,"comment_status":"closed","ping_status":"closed","template":"","meta":{"footnotes":""},"class_list":["post-203","page","type-page","status-publish","has-post-thumbnail","hentry"],"_links":{"self":[{"href":"https:\/\/cabanaalegre.com\/index.php?rest_route=\/wp\/v2\/pages\/203","targetHints":{"allow":["GET"]}}],"collection":[{"href":"https:\/\/cabanaalegre.com\/index.php?rest_route=\/wp\/v2\/pages"}],"about":[{"href":"https:\/\/cabanaalegre.com\/index.php?rest_route=\/wp\/v2\/types\/page"}],"author":[{"embeddable":true,"href":"https:\/\/cabanaalegre.com\/index.php?rest_route=\/wp\/v2\/users\/2"}],"replies":[{"embeddable":true,"href":"https:\/\/cabanaalegre.com\/index.php?rest_route=%2Fwp%2Fv2%2Fcomments&post=203"}],"version-history":[{"count":24,"href":"https:\/\/cabanaalegre.com\/index.php?rest_route=\/wp\/v2\/pages\/203\/revisions"}],"predecessor-version":[{"id":919,"href":"https:\/\/cabanaalegre.com\/index.php?rest_route=\/wp\/v2\/pages\/203\/revisions\/919"}],"wp:featuredmedia":[{"embeddable":true,"href":"https:\/\/cabanaalegre.com\/index.php?rest_route=\/wp\/v2\/media\/55"}],"wp:attachment":[{"href":"https:\/\/cabanaalegre.com\/index.php?rest_route=%2Fwp%2Fv2%2Fmedia&parent=203"}],"curies":[{"name":"wp","href":"https:\/\/api.w.org\/{rel}","templated":true}]}}