{"id":338,"date":"2020-01-28T00:02:25","date_gmt":"2020-01-28T00:02:25","guid":{"rendered":"https:\/\/cabanaalegre.com\/?page_id=338"},"modified":"2022-05-09T21:40:51","modified_gmt":"2022-05-09T21:40:51","slug":"promociones","status":"publish","type":"page","link":"https:\/\/cabanaalegre.com\/?page_id=338","title":{"rendered":"Promociones"},"content":{"rendered":"<p><img decoding=\"async\" width=\"150\" height=\"300\" src=\"https:\/\/cabanaalegre.com\/wp-content\/uploads\/2020\/03\/rupe_payasita-1-150x300.png\" alt=\"\" loading=\"lazy\" srcset=\"https:\/\/cabanaalegre.com\/wp-content\/uploads\/2020\/03\/rupe_payasita-1-150x300.png 150w, https:\/\/cabanaalegre.com\/wp-content\/uploads\/2020\/03\/rupe_payasita-1-511x1024.png 511w, https:\/\/cabanaalegre.com\/wp-content\/uploads\/2020\/03\/rupe_payasita-1-768x1540.png 768w, https:\/\/cabanaalegre.com\/wp-content\/uploads\/2020\/03\/rupe_payasita-1-766x1536.png 766w, https:\/\/cabanaalegre.com\/wp-content\/uploads\/2020\/03\/rupe_payasita-1-1021x2048.png 1021w, https:\/\/cabanaalegre.com\/wp-content\/uploads\/2020\/03\/rupe_payasita-1.png 1295w\" sizes=\"auto, (max-width: 150px) 100vw, 150px\" \/>\t\t\t\t\t\t\t\t\t\t\t\t\t\t<\/p>\n<h2>\u00a1FESTEJA TUS MEJORES MOMENTOS EN CABA\u00d1A ALEGRE!<\/h2>\n<p>PROMO CUMPLEA\u00d1OS\u00a0<\/p>\n<p>Cortes\u00eda de postre y mezcal para el cumplea\u00f1erx.\u00a0<\/p>\n<p>Ma\u00f1anitas acompa\u00f1adas de nuestro personal, si es fin de semana acompa\u00f1adas por la m\u00fasica en vivo que ameniza ese d\u00eda.<\/p>\n<p>\u00a1FESTEJA A LO GRANDE CON NOSOTROS!<\/p>\n","protected":false},"excerpt":{"rendered":"<p>\u00a1FESTEJA TUS MEJORES MOMENTOS EN CABA\u00d1A ALEGRE! PROMO CUMPLEA\u00d1OS\u00a0 Cortes\u00eda de postre y mezcal para el cumplea\u00f1erx.\u00a0 Ma\u00f1anitas acompa\u00f1adas de nuestro personal, si es fin de semana acompa\u00f1adas por la m\u00fasica en vivo que ameniza ese d\u00eda. \u00a1FESTEJA A LO GRANDE CON NOSOTROS!<\/p>\n","protected":false},"author":2,"featured_media":0,"parent":0,"menu_order":0,"comment_status":"closed","ping_status":"closed","template":"","meta":{"footnotes":""},"class_list":["post-338","page","type-page","status-publish","hentry"],"_links":{"self":[{"href":"https:\/\/cabanaalegre.com\/index.php?rest_route=\/wp\/v2\/pages\/338","targetHints":{"allow":["GET"]}}],"collection":[{"href":"https:\/\/cabanaalegre.com\/index.php?rest_route=\/wp\/v2\/pages"}],"about":[{"href":"https:\/\/cabanaalegre.com\/index.php?rest_route=\/wp\/v2\/types\/page"}],"author":[{"embeddable":true,"href":"https:\/\/cabanaalegre.com\/index.php?rest_route=\/wp\/v2\/users\/2"}],"replies":[{"embeddable":true,"href":"https:\/\/cabanaalegre.com\/index.php?rest_route=%2Fwp%2Fv2%2Fcomments&post=338"}],"version-history":[{"count":16,"href":"https:\/\/cabanaalegre.com\/index.php?rest_route=\/wp\/v2\/pages\/338\/revisions"}],"predecessor-version":[{"id":925,"href":"https:\/\/cabanaalegre.com\/index.php?rest_route=\/wp\/v2\/pages\/338\/revisions\/925"}],"wp:attachment":[{"href":"https:\/\/cabanaalegre.com\/index.php?rest_route=%2Fwp%2Fv2%2Fmedia&parent=338"}],"curies":[{"name":"wp","href":"https:\/\/api.w.org\/{rel}","templated":true}]}}